{"id":90,"date":"2024-02-13T18:18:50","date_gmt":"2024-02-13T17:18:50","guid":{"rendered":"https:\/\/lespitchousdelunion.fr\/?page_id=90"},"modified":"2024-02-13T18:27:41","modified_gmt":"2024-02-13T17:27:41","slug":"sortie-pedagogique-et-culturelle","status":"publish","type":"page","link":"https:\/\/lespitchousdelunion.fr\/?page_id=90","title":{"rendered":"Festivit\u00e9s"},"content":{"rendered":"\n<p>Pour le plaisir des plus petits et des plus grands !!<\/p>\n\n\n\n<ul class=\"wp-block-list\">\n<li>Halloween<\/li>\n\n\n\n<li>No\u00ebl<\/li>\n\n\n\n<li>F\u00eates de la musique<\/li>\n\n\n\n<li>Remise des dipl\u00f4mes d&rsquo;entr\u00e9e \u00e0 l&rsquo;\u00e9cole<\/li>\n<\/ul>\n\n\n\n<figure class=\"wp-block-gallery has-nested-images columns-default is-cropped wp-block-gallery-1 is-layout-flex wp-block-gallery-is-layout-flex\">\n<figure class=\"wp-block-image size-large\"><img loading=\"lazy\" decoding=\"async\" width=\"1024\" height=\"553\" data-id=\"42\" src=\"https:\/\/lespitchousdelunion.fr\/wp-content\/uploads\/2024\/02\/4-1024x553.png\" alt=\"\" class=\"wp-image-42\" srcset=\"https:\/\/lespitchousdelunion.fr\/wp-content\/uploads\/2024\/02\/4-1024x553.png 1024w, https:\/\/lespitchousdelunion.fr\/wp-content\/uploads\/2024\/02\/4-300x162.png 300w, https:\/\/lespitchousdelunion.fr\/wp-content\/uploads\/2024\/02\/4-768x415.png 768w, https:\/\/lespitchousdelunion.fr\/wp-content\/uploads\/2024\/02\/4.png 1096w\" sizes=\"auto, (max-width: 1024px) 100vw, 1024px\" \/><\/figure>\n<\/figure>\n","protected":false},"excerpt":{"rendered":"<p>Pour le plaisir des plus petits et des plus grands !!<\/p>\n","protected":false},"author":1,"featured_media":0,"parent":0,"menu_order":0,"comment_status":"closed","ping_status":"closed","template":"","meta":{"footnotes":""},"class_list":["post-90","page","type-page","status-publish","hentry"],"_links":{"self":[{"href":"https:\/\/lespitchousdelunion.fr\/index.php?rest_route=\/wp\/v2\/pages\/90","targetHints":{"allow":["GET"]}}],"collection":[{"href":"https:\/\/lespitchousdelunion.fr\/index.php?rest_route=\/wp\/v2\/pages"}],"about":[{"href":"https:\/\/lespitchousdelunion.fr\/index.php?rest_route=\/wp\/v2\/types\/page"}],"author":[{"embeddable":true,"href":"https:\/\/lespitchousdelunion.fr\/index.php?rest_route=\/wp\/v2\/users\/1"}],"replies":[{"embeddable":true,"href":"https:\/\/lespitchousdelunion.fr\/index.php?rest_route=%2Fwp%2Fv2%2Fcomments&post=90"}],"version-history":[{"count":3,"href":"https:\/\/lespitchousdelunion.fr\/index.php?rest_route=\/wp\/v2\/pages\/90\/revisions"}],"predecessor-version":[{"id":221,"href":"https:\/\/lespitchousdelunion.fr\/index.php?rest_route=\/wp\/v2\/pages\/90\/revisions\/221"}],"wp:attachment":[{"href":"https:\/\/lespitchousdelunion.fr\/index.php?rest_route=%2Fwp%2Fv2%2Fmedia&parent=90"}],"curies":[{"name":"wp","href":"https:\/\/api.w.org\/{rel}","templated":true}]}}