{"id":148,"date":"2024-02-13T16:05:24","date_gmt":"2024-02-13T15:05:24","guid":{"rendered":"https:\/\/lespitchousdelunion.fr\/?page_id=148"},"modified":"2024-02-13T17:43:37","modified_gmt":"2024-02-13T16:43:37","slug":"calendrier-des-activites","status":"publish","type":"page","link":"https:\/\/lespitchousdelunion.fr\/?page_id=148","title":{"rendered":"Nos Activit\u00e9s"},"content":{"rendered":"\n<div class=\"wp-block-columns is-layout-flex wp-container-core-columns-is-layout-9d6595d7 wp-block-columns-is-layout-flex\">\n<div class=\"wp-block-column is-layout-flow wp-block-column-is-layout-flow\">\n<h2 class=\"wp-block-heading has-text-align-center\">Festivit\u00e9s<\/h2>\n\n\n\n<div class=\"wp-block-media-text is-stacked-on-mobile\"><figure class=\"wp-block-media-text__media\"><img loading=\"lazy\" decoding=\"async\" width=\"400\" height=\"300\" src=\"https:\/\/lespitchousdelunion.fr\/wp-content\/uploads\/2024\/02\/03-thumbnail.jpg\" alt=\"\" class=\"wp-image-86 size-full\" srcset=\"https:\/\/lespitchousdelunion.fr\/wp-content\/uploads\/2024\/02\/03-thumbnail.jpg 400w, https:\/\/lespitchousdelunion.fr\/wp-content\/uploads\/2024\/02\/03-thumbnail-300x225.jpg 300w\" sizes=\"auto, (max-width: 400px) 100vw, 400px\" \/><\/figure><div class=\"wp-block-media-text__content\">\n<p>Participation :<\/p>\n\n\n\n<ul class=\"wp-block-list\">\n<li>Halloween<\/li>\n\n\n\n<li>No\u00ebl<\/li>\n\n\n\n<li>F\u00eates de la musique<\/li>\n\n\n\n<li>Remise des dipl\u00f4mes d\u2019entr\u00e9e \u00e0 l\u2019\u00e9cole<\/li>\n<\/ul>\n<\/div><\/div>\n<\/div>\n\n\n\n<div class=\"wp-block-column is-layout-flow wp-block-column-is-layout-flow\">\n<h2 class=\"wp-block-heading has-text-align-center\">Motricit\u00e9s<\/h2>\n\n\n\n<div class=\"wp-block-media-text is-stacked-on-mobile\"><figure class=\"wp-block-media-text__media\"><img loading=\"lazy\" decoding=\"async\" width=\"400\" height=\"300\" src=\"https:\/\/lespitchousdelunion.fr\/wp-content\/uploads\/2024\/02\/02-thumbnail.jpg\" alt=\"\" class=\"wp-image-81 size-full\" srcset=\"https:\/\/lespitchousdelunion.fr\/wp-content\/uploads\/2024\/02\/02-thumbnail.jpg 400w, https:\/\/lespitchousdelunion.fr\/wp-content\/uploads\/2024\/02\/02-thumbnail-300x225.jpg 300w\" sizes=\"auto, (max-width: 400px) 100vw, 400px\" \/><\/figure><div class=\"wp-block-media-text__content\">\n<p>Nous allons :<\/p>\n\n\n\n<ul class=\"wp-block-list\">\n<li>Sortie \u00ab\u00a0roulettes\u00a0\u00bb<\/li>\n\n\n\n<li>Sortie \u00ab\u00a0Ballons\u00a0\u00bb<\/li>\n\n\n\n<li>Monkey Parc (Privatis\u00e9;)<\/li>\n<\/ul>\n<\/div><\/div>\n<\/div>\n<\/div>\n\n\n\n<div class=\"wp-block-columns is-layout-flex wp-container-core-columns-is-layout-9d6595d7 wp-block-columns-is-layout-flex\">\n<div class=\"wp-block-column is-layout-flow wp-block-column-is-layout-flow\">\n<h2 class=\"wp-block-heading\">D\u00e9couvertes<\/h2>\n\n\n\n<div class=\"wp-block-media-text is-stacked-on-mobile\" style=\"grid-template-columns:30% auto\"><figure class=\"wp-block-media-text__media\"><img loading=\"lazy\" decoding=\"async\" width=\"400\" height=\"300\" src=\"https:\/\/lespitchousdelunion.fr\/wp-content\/uploads\/2024\/02\/01-thumbnail.jpg\" alt=\"\" class=\"wp-image-85 size-full\" srcset=\"https:\/\/lespitchousdelunion.fr\/wp-content\/uploads\/2024\/02\/01-thumbnail.jpg 400w, https:\/\/lespitchousdelunion.fr\/wp-content\/uploads\/2024\/02\/01-thumbnail-300x225.jpg 300w\" sizes=\"auto, (max-width: 400px) 100vw, 400px\" \/><\/figure><div class=\"wp-block-media-text__content\">\n<p>P\u00e9dagogiques et culturelles<\/p>\n\n\n\n<ul class=\"wp-block-list\">\n<li>Repr\u00e9sentation de Th\u00e9atre<\/li>\n\n\n\n<li>Visite de la ferme<\/li>\n\n\n\n<li class=\"has-small-font-size\">lecture de Contes<\/li>\n\n\n\n<li>Chants et Comptines<\/li>\n\n\n\n<li>Animaparc<\/li>\n<\/ul>\n<\/div><\/div>\n<\/div>\n\n\n\n<div class=\"wp-block-column is-layout-flow wp-block-column-is-layout-flow\">\n\n<\/div>\n<\/div>\n","protected":false},"excerpt":{"rendered":"<p>Festivit\u00e9s Participation : Motricit\u00e9s Nous allons : D\u00e9couvertes P\u00e9dagogiques et culturelles<\/p>\n","protected":false},"author":1,"featured_media":0,"parent":0,"menu_order":0,"comment_status":"closed","ping_status":"closed","template":"template-fullwidth.php","meta":{"footnotes":""},"class_list":["post-148","page","type-page","status-publish","hentry"],"_links":{"self":[{"href":"https:\/\/lespitchousdelunion.fr\/index.php?rest_route=\/wp\/v2\/pages\/148","targetHints":{"allow":["GET"]}}],"collection":[{"href":"https:\/\/lespitchousdelunion.fr\/index.php?rest_route=\/wp\/v2\/pages"}],"about":[{"href":"https:\/\/lespitchousdelunion.fr\/index.php?rest_route=\/wp\/v2\/types\/page"}],"author":[{"embeddable":true,"href":"https:\/\/lespitchousdelunion.fr\/index.php?rest_route=\/wp\/v2\/users\/1"}],"replies":[{"embeddable":true,"href":"https:\/\/lespitchousdelunion.fr\/index.php?rest_route=%2Fwp%2Fv2%2Fcomments&post=148"}],"version-history":[{"count":12,"href":"https:\/\/lespitchousdelunion.fr\/index.php?rest_route=\/wp\/v2\/pages\/148\/revisions"}],"predecessor-version":[{"id":196,"href":"https:\/\/lespitchousdelunion.fr\/index.php?rest_route=\/wp\/v2\/pages\/148\/revisions\/196"}],"wp:attachment":[{"href":"https:\/\/lespitchousdelunion.fr\/index.php?rest_route=%2Fwp%2Fv2%2Fmedia&parent=148"}],"curies":[{"name":"wp","href":"https:\/\/api.w.org\/{rel}","templated":true}]}}